{"id":434,"date":"2025-12-12T02:02:06","date_gmt":"2025-12-12T01:02:06","guid":{"rendered":"https:\/\/einesacable.com\/?page_id=434"},"modified":"2026-04-13T14:38:59","modified_gmt":"2026-04-13T12:38:59","slug":"servicios-de-instalaciones","status":"publish","type":"page","link":"https:\/\/einesacable.com\/ca\/servicios-de-instalaciones\/","title":{"rendered":"Serveis d'instal\u00b7lacions"},"content":{"rendered":"<div data-elementor-type=\"wp-page\" data-elementor-id=\"434\" class=\"elementor elementor-434\">\n\t\t\t\t<div class=\"elementor-element elementor-element-91b9014 e-con-full e-flex e-con e-parent\" data-id=\"91b9014\" data-element_type=\"container\" data-e-type=\"container\" data-settings=\"{&quot;background_background&quot;:&quot;classic&quot;}\">\n\t\t\t\t<div class=\"elementor-element elementor-element-b9de0af elementor-widget__width-initial elementor-widget elementor-widget-heading\" data-id=\"b9de0af\" data-element_type=\"widget\" data-e-type=\"widget\" data-widget_type=\"heading.default\">\n\t\t\t\t\t<p class=\"elementor-heading-title elementor-size-default\">Des de la fase de disseny fins a l\u2019execuci\u00f3 i la legalitzaci\u00f3.\n<\/p>\t\t\t\t<\/div>\n\t\t<div class=\"elementor-element elementor-element-154fd42 e-con-full e-flex e-con e-child\" data-id=\"154fd42\" data-element_type=\"container\" data-e-type=\"container\" data-settings=\"{&quot;background_background&quot;:&quot;classic&quot;}\">\n\t\t<div class=\"elementor-element elementor-element-4d84f2a e-con-full e-flex e-con e-child\" data-id=\"4d84f2a\" data-element_type=\"container\" data-e-type=\"container\">\n\t\t\t\t<div class=\"elementor-element elementor-element-2a57b21 elementor-widget elementor-widget-heading\" data-id=\"2a57b21\" data-element_type=\"widget\" data-e-type=\"widget\" data-widget_type=\"heading.default\">\n\t\t\t\t\t<p class=\"elementor-heading-title elementor-size-default\">01. <\/p>\t\t\t\t<\/div>\n\t\t\t\t<div class=\"elementor-element elementor-element-c3caa83 elementor-widget elementor-widget-heading\" data-id=\"c3caa83\" data-element_type=\"widget\" data-e-type=\"widget\" data-widget_type=\"heading.default\">\n\t\t\t\t\t<h2 class=\"elementor-heading-title elementor-size-default\">XARXES FIXES<\/h2>\t\t\t\t<\/div>\n\t\t\t\t<div class=\"elementor-element elementor-element-a030f96 elementor-widget elementor-widget-text-editor\" data-id=\"a030f96\" data-element_type=\"widget\" data-e-type=\"widget\" data-widget_type=\"text-editor.default\">\n\t\t\t\t\t\t\t\t\t<p>Desplegament d\u2019infraestructures de telecomunicacions estables i d\u2019alta velocitat. <b>FTTH<\/b> i <b>BACKHAUL.<\/b>.<\/p><p>Projectes clau en m\u00e0, tant d\u2019obra civil com d\u2019instal\u00b7lacions.<\/p>\t\t\t\t\t\t\t\t<\/div>\n\t\t\t\t<\/div>\n\t\t<div class=\"elementor-element elementor-element-9040749 e-con-full e-flex e-con e-child\" data-id=\"9040749\" data-element_type=\"container\" data-e-type=\"container\" data-settings=\"{&quot;background_background&quot;:&quot;classic&quot;}\">\n\t\t\t\t<div class=\"elementor-element elementor-element-9fd0991 elementor-widget elementor-widget-spacer\" data-id=\"9fd0991\" data-element_type=\"widget\" data-e-type=\"widget\" data-widget_type=\"spacer.default\">\n\t\t\t\t\t\t\t<div class=\"elementor-spacer\">\n\t\t\t<div class=\"elementor-spacer-inner\"><\/div>\n\t\t<\/div>\n\t\t\t\t\t\t<\/div>\n\t\t\t\t<\/div>\n\t\t\t\t<\/div>\n\t\t<div class=\"elementor-element elementor-element-7fccd3a e-con-full e-flex e-con e-child\" data-id=\"7fccd3a\" data-element_type=\"container\" data-e-type=\"container\" data-settings=\"{&quot;background_background&quot;:&quot;classic&quot;}\">\n\t\t<div class=\"elementor-element elementor-element-03e3d80 e-con-full e-flex e-con e-child\" data-id=\"03e3d80\" data-element_type=\"container\" data-e-type=\"container\" data-settings=\"{&quot;background_background&quot;:&quot;classic&quot;}\">\n\t\t\t\t<div class=\"elementor-element elementor-element-2a4718a elementor-widget elementor-widget-spacer\" data-id=\"2a4718a\" data-element_type=\"widget\" data-e-type=\"widget\" data-widget_type=\"spacer.default\">\n\t\t\t\t\t\t\t<div class=\"elementor-spacer\">\n\t\t\t<div class=\"elementor-spacer-inner\"><\/div>\n\t\t<\/div>\n\t\t\t\t\t\t<\/div>\n\t\t\t\t<\/div>\n\t\t<div class=\"elementor-element elementor-element-c03d0fd e-con-full e-flex e-con e-child\" data-id=\"c03d0fd\" data-element_type=\"container\" data-e-type=\"container\">\n\t\t\t\t<div class=\"elementor-element elementor-element-ae38f55 elementor-widget elementor-widget-heading\" data-id=\"ae38f55\" data-element_type=\"widget\" data-e-type=\"widget\" data-widget_type=\"heading.default\">\n\t\t\t\t\t<p class=\"elementor-heading-title elementor-size-default\">02.<\/p>\t\t\t\t<\/div>\n\t\t\t\t<div class=\"elementor-element elementor-element-2973811 elementor-widget elementor-widget-heading\" data-id=\"2973811\" data-element_type=\"widget\" data-e-type=\"widget\" data-widget_type=\"heading.default\">\n\t\t\t\t\t<h2 class=\"elementor-heading-title elementor-size-default\">OPERADORS DE TELECOMUNICACIONS\n<\/h2>\t\t\t\t<\/div>\n\t\t\t\t<div class=\"elementor-element elementor-element-3947d2c elementor-widget elementor-widget-text-editor\" data-id=\"3947d2c\" data-element_type=\"widget\" data-e-type=\"widget\" data-widget_type=\"text-editor.default\">\n\t\t\t\t\t\t\t\t\t<p>Planificaci\u00f3, implementaci\u00f3 i manteniment de tota la xarxa de cablejat exterior per a operadors de telecomunicacions tant <b>nacionals<\/b> com <b>internacionals<\/b>.<\/p><p>Amb experi\u00e8ncia en l\u2019\u00fas de GIS propietaris (Keycom, Planex, Apex, \u2026).<\/p>\t\t\t\t\t\t\t\t<\/div>\n\t\t\t\t<\/div>\n\t\t\t\t<\/div>\n\t\t<div class=\"elementor-element elementor-element-f1000fc e-con-full e-flex e-con e-child\" data-id=\"f1000fc\" data-element_type=\"container\" data-e-type=\"container\" data-settings=\"{&quot;background_background&quot;:&quot;classic&quot;}\">\n\t\t<div class=\"elementor-element elementor-element-93a05f9 e-con-full e-flex e-con e-child\" data-id=\"93a05f9\" data-element_type=\"container\" data-e-type=\"container\">\n\t\t\t\t<div class=\"elementor-element elementor-element-38b993c elementor-widget elementor-widget-heading\" data-id=\"38b993c\" data-element_type=\"widget\" data-e-type=\"widget\" data-widget_type=\"heading.default\">\n\t\t\t\t\t<p class=\"elementor-heading-title elementor-size-default\">03.<\/p>\t\t\t\t<\/div>\n\t\t\t\t<div class=\"elementor-element elementor-element-08161e1 elementor-widget elementor-widget-heading\" data-id=\"08161e1\" data-element_type=\"widget\" data-e-type=\"widget\" data-widget_type=\"heading.default\">\n\t\t\t\t\t<h2 class=\"elementor-heading-title elementor-size-default\">5G I R\u00c0DIO\n<\/h2>\t\t\t\t<\/div>\n\t\t\t\t<div class=\"elementor-element elementor-element-a6fc294 elementor-widget elementor-widget-text-editor\" data-id=\"a6fc294\" data-element_type=\"widget\" data-e-type=\"widget\" data-widget_type=\"text-editor.default\">\n\t\t\t\t\t\t\t\t\t<p>Execuci\u00f3 de projectes de desplegament per a la nova generaci\u00f3 de connectivitat m\u00f2bil i sistemes de r\u00e0dio.<\/p><p>Implementem solucions per a projectes d\u2019IoT.<\/p>\t\t\t\t\t\t\t\t<\/div>\n\t\t\t\t<\/div>\n\t\t<div class=\"elementor-element elementor-element-dc3abb6 e-con-full e-flex e-con e-child\" data-id=\"dc3abb6\" data-element_type=\"container\" data-e-type=\"container\" data-settings=\"{&quot;background_background&quot;:&quot;classic&quot;}\">\n\t\t\t\t<div class=\"elementor-element elementor-element-3427cc8 elementor-widget elementor-widget-spacer\" data-id=\"3427cc8\" data-element_type=\"widget\" data-e-type=\"widget\" data-widget_type=\"spacer.default\">\n\t\t\t\t\t\t\t<div class=\"elementor-spacer\">\n\t\t\t<div class=\"elementor-spacer-inner\"><\/div>\n\t\t<\/div>\n\t\t\t\t\t\t<\/div>\n\t\t\t\t<\/div>\n\t\t\t\t<\/div>\n\t\t\t\t<\/div>\n\t\t<div class=\"elementor-element elementor-element-0c593d8 e-con-full e-flex e-con e-parent\" data-id=\"0c593d8\" data-element_type=\"container\" data-e-type=\"container\">\n\t\t<div class=\"elementor-element elementor-element-3db0539 e-con-full e-flex e-con e-child\" data-id=\"3db0539\" data-element_type=\"container\" data-e-type=\"container\" data-settings=\"{&quot;background_background&quot;:&quot;classic&quot;}\">\n\t\t<div class=\"elementor-element elementor-element-7ee2809 e-con-full e-flex e-con e-child\" data-id=\"7ee2809\" data-element_type=\"container\" data-e-type=\"container\">\n\t\t\t\t<div class=\"elementor-element elementor-element-2dcbfed elementor-widget elementor-widget-heading\" data-id=\"2dcbfed\" data-element_type=\"widget\" data-e-type=\"widget\" data-widget_type=\"heading.default\">\n\t\t\t\t\t<h2 class=\"elementor-heading-title elementor-size-default\">Descarrega el nostre dossier informatiu per con\u00e8ixer amb detall els nostres serveis.  <\/h2>\t\t\t\t<\/div>\n\t\t\t\t<div class=\"elementor-element elementor-element-c6e3a52 elementor-widget elementor-widget-text-editor\" data-id=\"c6e3a52\" data-element_type=\"widget\" data-e-type=\"widget\" data-widget_type=\"text-editor.default\">\n\t\t\t\t\t\t\t\t\t<p>Informa\u2019t i descobreix tot el que et podem oferir!<\/p>\t\t\t\t\t\t\t\t<\/div>\n\t\t\t\t<\/div>\n\t\t\t\t<div class=\"elementor-element elementor-element-beb030a elementor-widget elementor-widget-button\" data-id=\"beb030a\" data-element_type=\"widget\" data-e-type=\"widget\" data-widget_type=\"button.default\">\n\t\t\t\t\t\t\t\t\t\t<a class=\"elementor-button elementor-button-link elementor-size-sm\" href=\"\/wp-content\/uploads\/2026\/03\/01-Dossier_EINESA_Cable.pdf\" target=\"_blank\">\n\t\t\t\t\t\t<span class=\"elementor-button-content-wrapper\">\n\t\t\t\t\t\t\t\t\t<span class=\"elementor-button-text\">Descarregar<\/span>\n\t\t\t\t\t<\/span>\n\t\t\t\t\t<\/a>\n\t\t\t\t\t\t\t\t<\/div>\n\t\t\t\t<\/div>\n\t\t\t\t<\/div>\n\t\t\t\t<\/div>","protected":false},"excerpt":{"rendered":"<p>Desde la fase de dise\u00f1o hasta la ejecuci\u00f3n y legalizaci\u00f3n. 01. REDES FIJAS Despliegue de infraestructuras de telecomunicaciones estables y de alta velocidad. FTTH y BACKHAUL. Proyectos llave en mano, tanto de obra civil como de instalaciones. 02. OPERADORES DE TELECOMUNICACIONES Planificaci\u00f3n, implementaci\u00f3n y mantenimiento de toda la red de cableado exterior a operadores de [&hellip;]<\/p>\n","protected":false},"author":2,"featured_media":0,"parent":0,"menu_order":0,"comment_status":"closed","ping_status":"closed","template":"elementor_header_footer","meta":{"footnotes":""},"class_list":["post-434","page","type-page","status-publish","hentry","entry"],"yoast_head":"<!-- This site is optimized with the Yoast SEO plugin v27.4 - https:\/\/yoast.com\/product\/yoast-seo-wordpress\/ -->\n<title>Servicios de Instalaciones - Einesacable<\/title>\n<meta name=\"robots\" content=\"index, follow, max-snippet:-1, max-image-preview:large, max-video-preview:-1\" \/>\n<link rel=\"canonical\" href=\"https:\/\/einesacable.com\/ca\/servicios-de-instalaciones\/\" \/>\n<meta property=\"og:locale\" content=\"ca_ES\" \/>\n<meta property=\"og:type\" content=\"article\" \/>\n<meta property=\"og:title\" content=\"Servicios de Instalaciones - Einesacable\" \/>\n<meta property=\"og:description\" content=\"Desde la fase de dise\u00f1o hasta la ejecuci\u00f3n y legalizaci\u00f3n. 01. REDES FIJAS Despliegue de infraestructuras de telecomunicaciones estables y de alta velocidad. FTTH y BACKHAUL. Proyectos llave en mano, tanto de obra civil como de instalaciones. 02. OPERADORES DE TELECOMUNICACIONES Planificaci\u00f3n, implementaci\u00f3n y mantenimiento de toda la red de cableado exterior a operadores de [&hellip;]\" \/>\n<meta property=\"og:url\" content=\"https:\/\/einesacable.com\/ca\/servicios-de-instalaciones\/\" \/>\n<meta property=\"og:site_name\" content=\"Einesacable\" \/>\n<meta property=\"article:modified_time\" content=\"2026-04-13T12:38:59+00:00\" \/>\n<meta name=\"twitter:card\" content=\"summary_large_image\" \/>\n<meta name=\"twitter:label1\" content=\"Temps estimat de lectura\" \/>\n\t<meta name=\"twitter:data1\" content=\"1 minut\" \/>\n<script type=\"application\/ld+json\" class=\"yoast-schema-graph\">{\"@context\":\"https:\\\/\\\/schema.org\",\"@graph\":[{\"@type\":\"WebPage\",\"@id\":\"https:\\\/\\\/einesacable.com\\\/servicios-de-instalaciones\\\/\",\"url\":\"https:\\\/\\\/einesacable.com\\\/servicios-de-instalaciones\\\/\",\"name\":\"Servicios de Instalaciones - Einesacable\",\"isPartOf\":{\"@id\":\"https:\\\/\\\/einesacable.com\\\/#website\"},\"datePublished\":\"2025-12-12T01:02:06+00:00\",\"dateModified\":\"2026-04-13T12:38:59+00:00\",\"breadcrumb\":{\"@id\":\"https:\\\/\\\/einesacable.com\\\/servicios-de-instalaciones\\\/#breadcrumb\"},\"inLanguage\":\"ca\",\"potentialAction\":[{\"@type\":\"ReadAction\",\"target\":[\"https:\\\/\\\/einesacable.com\\\/servicios-de-instalaciones\\\/\"]}]},{\"@type\":\"BreadcrumbList\",\"@id\":\"https:\\\/\\\/einesacable.com\\\/servicios-de-instalaciones\\\/#breadcrumb\",\"itemListElement\":[{\"@type\":\"ListItem\",\"position\":1,\"name\":\"Portada\",\"item\":\"https:\\\/\\\/einesacable.com\\\/\"},{\"@type\":\"ListItem\",\"position\":2,\"name\":\"Servicios de Instalaciones\"}]},{\"@type\":\"WebSite\",\"@id\":\"https:\\\/\\\/einesacable.com\\\/#website\",\"url\":\"https:\\\/\\\/einesacable.com\\\/\",\"name\":\"Einesacable\",\"description\":\"Einesacable\",\"publisher\":{\"@id\":\"https:\\\/\\\/einesacable.com\\\/#organization\"},\"potentialAction\":[{\"@type\":\"SearchAction\",\"target\":{\"@type\":\"EntryPoint\",\"urlTemplate\":\"https:\\\/\\\/einesacable.com\\\/?s={search_term_string}\"},\"query-input\":{\"@type\":\"PropertyValueSpecification\",\"valueRequired\":true,\"valueName\":\"search_term_string\"}}],\"inLanguage\":\"ca\"},{\"@type\":\"Organization\",\"@id\":\"https:\\\/\\\/einesacable.com\\\/#organization\",\"name\":\"Einesacable\",\"url\":\"https:\\\/\\\/einesacable.com\\\/\",\"logo\":{\"@type\":\"ImageObject\",\"inLanguage\":\"ca\",\"@id\":\"https:\\\/\\\/einesacable.com\\\/#\\\/schema\\\/logo\\\/image\\\/\",\"url\":\"https:\\\/\\\/einesacable.com\\\/wp-content\\\/uploads\\\/2025\\\/12\\\/logotip.webp\",\"contentUrl\":\"https:\\\/\\\/einesacable.com\\\/wp-content\\\/uploads\\\/2025\\\/12\\\/logotip.webp\",\"width\":209,\"height\":49,\"caption\":\"Einesacable\"},\"image\":{\"@id\":\"https:\\\/\\\/einesacable.com\\\/#\\\/schema\\\/logo\\\/image\\\/\"}}]}<\/script>\n<!-- \/ Yoast SEO plugin. -->","yoast_head_json":{"title":"Servicios de Instalaciones - Einesacable","robots":{"index":"index","follow":"follow","max-snippet":"max-snippet:-1","max-image-preview":"max-image-preview:large","max-video-preview":"max-video-preview:-1"},"canonical":"https:\/\/einesacable.com\/ca\/servicios-de-instalaciones\/","og_locale":"ca_ES","og_type":"article","og_title":"Servicios de Instalaciones - Einesacable","og_description":"Desde la fase de dise\u00f1o hasta la ejecuci\u00f3n y legalizaci\u00f3n. 01. REDES FIJAS Despliegue de infraestructuras de telecomunicaciones estables y de alta velocidad. FTTH y BACKHAUL. Proyectos llave en mano, tanto de obra civil como de instalaciones. 02. OPERADORES DE TELECOMUNICACIONES Planificaci\u00f3n, implementaci\u00f3n y mantenimiento de toda la red de cableado exterior a operadores de [&hellip;]","og_url":"https:\/\/einesacable.com\/ca\/servicios-de-instalaciones\/","og_site_name":"Einesacable","article_modified_time":"2026-04-13T12:38:59+00:00","twitter_card":"summary_large_image","twitter_misc":{"Temps estimat de lectura":"1 minut"},"schema":{"@context":"https:\/\/schema.org","@graph":[{"@type":"WebPage","@id":"https:\/\/einesacable.com\/servicios-de-instalaciones\/","url":"https:\/\/einesacable.com\/servicios-de-instalaciones\/","name":"Servicios de Instalaciones - Einesacable","isPartOf":{"@id":"https:\/\/einesacable.com\/#website"},"datePublished":"2025-12-12T01:02:06+00:00","dateModified":"2026-04-13T12:38:59+00:00","breadcrumb":{"@id":"https:\/\/einesacable.com\/servicios-de-instalaciones\/#breadcrumb"},"inLanguage":"ca","potentialAction":[{"@type":"ReadAction","target":["https:\/\/einesacable.com\/servicios-de-instalaciones\/"]}]},{"@type":"BreadcrumbList","@id":"https:\/\/einesacable.com\/servicios-de-instalaciones\/#breadcrumb","itemListElement":[{"@type":"ListItem","position":1,"name":"Portada","item":"https:\/\/einesacable.com\/"},{"@type":"ListItem","position":2,"name":"Servicios de Instalaciones"}]},{"@type":"WebSite","@id":"https:\/\/einesacable.com\/#website","url":"https:\/\/einesacable.com\/","name":"Einesacable","description":"Einesacable","publisher":{"@id":"https:\/\/einesacable.com\/#organization"},"potentialAction":[{"@type":"SearchAction","target":{"@type":"EntryPoint","urlTemplate":"https:\/\/einesacable.com\/?s={search_term_string}"},"query-input":{"@type":"PropertyValueSpecification","valueRequired":true,"valueName":"search_term_string"}}],"inLanguage":"ca"},{"@type":"Organization","@id":"https:\/\/einesacable.com\/#organization","name":"Einesacable","url":"https:\/\/einesacable.com\/","logo":{"@type":"ImageObject","inLanguage":"ca","@id":"https:\/\/einesacable.com\/#\/schema\/logo\/image\/","url":"https:\/\/einesacable.com\/wp-content\/uploads\/2025\/12\/logotip.webp","contentUrl":"https:\/\/einesacable.com\/wp-content\/uploads\/2025\/12\/logotip.webp","width":209,"height":49,"caption":"Einesacable"},"image":{"@id":"https:\/\/einesacable.com\/#\/schema\/logo\/image\/"}}]}},"_links":{"self":[{"href":"https:\/\/einesacable.com\/ca\/wp-json\/wp\/v2\/pages\/434","targetHints":{"allow":["GET"]}}],"collection":[{"href":"https:\/\/einesacable.com\/ca\/wp-json\/wp\/v2\/pages"}],"about":[{"href":"https:\/\/einesacable.com\/ca\/wp-json\/wp\/v2\/types\/page"}],"author":[{"embeddable":true,"href":"https:\/\/einesacable.com\/ca\/wp-json\/wp\/v2\/users\/2"}],"replies":[{"embeddable":true,"href":"https:\/\/einesacable.com\/ca\/wp-json\/wp\/v2\/comments?post=434"}],"version-history":[{"count":136,"href":"https:\/\/einesacable.com\/ca\/wp-json\/wp\/v2\/pages\/434\/revisions"}],"predecessor-version":[{"id":2464,"href":"https:\/\/einesacable.com\/ca\/wp-json\/wp\/v2\/pages\/434\/revisions\/2464"}],"wp:attachment":[{"href":"https:\/\/einesacable.com\/ca\/wp-json\/wp\/v2\/media?parent=434"}],"curies":[{"name":"wp","href":"https:\/\/api.w.org\/{rel}","templated":true}]}}