{"id":492,"date":"2025-12-12T03:35:27","date_gmt":"2025-12-12T02:35:27","guid":{"rendered":"https:\/\/einesacable.com\/?page_id=492"},"modified":"2026-04-13T14:39:45","modified_gmt":"2026-04-13T12:39:45","slug":"servicios-ingenieria","status":"publish","type":"page","link":"https:\/\/einesacable.com\/ca\/servicios-ingenieria\/","title":{"rendered":"Serveis d\u2019Enginyeria"},"content":{"rendered":"<div data-elementor-type=\"wp-page\" data-elementor-id=\"492\" class=\"elementor elementor-492\">\n\t\t\t\t<div class=\"elementor-element elementor-element-91b9014 e-con-full e-flex e-con e-parent\" data-id=\"91b9014\" data-element_type=\"container\" data-e-type=\"container\" data-settings=\"{&quot;background_background&quot;:&quot;classic&quot;}\">\n\t\t\t\t<div class=\"elementor-element elementor-element-e080bfe elementor-widget__width-initial elementor-widget elementor-widget-heading\" data-id=\"e080bfe\" data-element_type=\"widget\" data-e-type=\"widget\" data-widget_type=\"heading.default\">\n\t\t\t\t\t<p class=\"elementor-heading-title elementor-size-default\">La nostra capacitat t\u00e8cnica ens permet abordar projectes de telecomunicacions de manera integral.<\/p>\t\t\t\t<\/div>\n\t\t<div class=\"elementor-element elementor-element-7033d81 e-con-full e-flex e-con e-child\" data-id=\"7033d81\" data-element_type=\"container\" data-e-type=\"container\" data-settings=\"{&quot;background_background&quot;:&quot;classic&quot;}\">\n\t\t<div class=\"elementor-element elementor-element-35c98ff e-con-full e-flex e-con e-child\" data-id=\"35c98ff\" data-element_type=\"container\" data-e-type=\"container\">\n\t\t\t\t<div class=\"elementor-element elementor-element-2a57b21 elementor-widget elementor-widget-heading\" data-id=\"2a57b21\" data-element_type=\"widget\" data-e-type=\"widget\" data-widget_type=\"heading.default\">\n\t\t\t\t\t<p class=\"elementor-heading-title elementor-size-default\">01. <\/p>\t\t\t\t<\/div>\n\t\t\t\t<div class=\"elementor-element elementor-element-c3caa83 elementor-widget elementor-widget-heading\" data-id=\"c3caa83\" data-element_type=\"widget\" data-e-type=\"widget\" data-widget_type=\"heading.default\">\n\t\t\t\t\t<h2 class=\"elementor-heading-title elementor-size-default\">PROJECTES DE FIBRA \u00d2PTICA (FTTH i BACKHAUL)<\/h2>\t\t\t\t<\/div>\n\t\t\t\t<div class=\"elementor-element elementor-element-a030f96 elementor-widget elementor-widget-text-editor\" data-id=\"a030f96\" data-element_type=\"widget\" data-e-type=\"widget\" data-widget_type=\"text-editor.default\">\n\t\t\t\t\t\t\t\t\t<p>Som especialistes en l\u2019assessorament, el disseny i la implementaci\u00f3 de xarxes de fibra \u00f2ptica, amb amplis desplegaments realitzats per a clients tant p\u00fablics com privats.<\/p><p>Projectes clau en m\u00e0 de desplegament <b>FTTH<\/b> i d\u2019interconnexions <b>BACKHAUL.<\/b>.<\/p>\t\t\t\t\t\t\t\t<\/div>\n\t\t\t\t<\/div>\n\t\t<div class=\"elementor-element elementor-element-df9a1b9 e-con-full e-flex e-con e-child\" data-id=\"df9a1b9\" data-element_type=\"container\" data-e-type=\"container\" data-settings=\"{&quot;background_background&quot;:&quot;classic&quot;}\">\n\t\t\t\t<div class=\"elementor-element elementor-element-0a1da2c elementor-widget elementor-widget-spacer\" data-id=\"0a1da2c\" data-element_type=\"widget\" data-e-type=\"widget\" data-widget_type=\"spacer.default\">\n\t\t\t\t\t\t\t<div class=\"elementor-spacer\">\n\t\t\t<div class=\"elementor-spacer-inner\"><\/div>\n\t\t<\/div>\n\t\t\t\t\t\t<\/div>\n\t\t\t\t<\/div>\n\t\t\t\t<\/div>\n\t\t<div class=\"elementor-element elementor-element-9b296fd e-con-full e-flex e-con e-child\" data-id=\"9b296fd\" data-element_type=\"container\" data-e-type=\"container\" data-settings=\"{&quot;background_background&quot;:&quot;classic&quot;}\">\n\t\t<div class=\"elementor-element elementor-element-13ea651 e-con-full e-flex e-con e-child\" data-id=\"13ea651\" data-element_type=\"container\" data-e-type=\"container\" data-settings=\"{&quot;background_background&quot;:&quot;classic&quot;}\">\n\t\t\t\t<div class=\"elementor-element elementor-element-7956389 elementor-widget elementor-widget-spacer\" data-id=\"7956389\" data-element_type=\"widget\" data-e-type=\"widget\" data-widget_type=\"spacer.default\">\n\t\t\t\t\t\t\t<div class=\"elementor-spacer\">\n\t\t\t<div class=\"elementor-spacer-inner\"><\/div>\n\t\t<\/div>\n\t\t\t\t\t\t<\/div>\n\t\t\t\t<\/div>\n\t\t<div class=\"elementor-element elementor-element-91ef48a e-con-full e-flex e-con e-child\" data-id=\"91ef48a\" data-element_type=\"container\" data-e-type=\"container\">\n\t\t\t\t<div class=\"elementor-element elementor-element-ae38f55 elementor-widget elementor-widget-heading\" data-id=\"ae38f55\" data-element_type=\"widget\" data-e-type=\"widget\" data-widget_type=\"heading.default\">\n\t\t\t\t\t<p class=\"elementor-heading-title elementor-size-default\">02.<\/p>\t\t\t\t<\/div>\n\t\t\t\t<div class=\"elementor-element elementor-element-2973811 elementor-widget elementor-widget-heading\" data-id=\"2973811\" data-element_type=\"widget\" data-e-type=\"widget\" data-widget_type=\"heading.default\">\n\t\t\t\t\t<h2 class=\"elementor-heading-title elementor-size-default\">PROJECTES D\u2019INFRAESTRUCTURES<\/h2>\t\t\t\t<\/div>\n\t\t\t\t<div class=\"elementor-element elementor-element-3947d2c elementor-widget elementor-widget-text-editor\" data-id=\"3947d2c\" data-element_type=\"widget\" data-e-type=\"widget\" data-widget_type=\"text-editor.default\">\n\t\t\t\t\t\t\t\t\t<p>Col\u00b7laborem en la definici\u00f3 <br \/>de les infraestructures de telecomunicacions en projectes de construcci\u00f3, garantint l\u2019adequaci\u00f3 de les solucions.<\/p><p>Assessorem, dissenyem i realitzem la direcci\u00f3 d\u2019obra.<\/p>\t\t\t\t\t\t\t\t<\/div>\n\t\t\t\t<\/div>\n\t\t\t\t<\/div>\n\t\t<div class=\"elementor-element elementor-element-c1b277b e-con-full e-flex e-con e-child\" data-id=\"c1b277b\" data-element_type=\"container\" data-e-type=\"container\" data-settings=\"{&quot;background_background&quot;:&quot;classic&quot;}\">\n\t\t<div class=\"elementor-element elementor-element-691d9f7 e-con-full e-flex e-con e-child\" data-id=\"691d9f7\" data-element_type=\"container\" data-e-type=\"container\">\n\t\t\t\t<div class=\"elementor-element elementor-element-38b993c elementor-widget elementor-widget-heading\" data-id=\"38b993c\" data-element_type=\"widget\" data-e-type=\"widget\" data-widget_type=\"heading.default\">\n\t\t\t\t\t<p class=\"elementor-heading-title elementor-size-default\">03.<\/p>\t\t\t\t<\/div>\n\t\t\t\t<div class=\"elementor-element elementor-element-08161e1 elementor-widget elementor-widget-heading\" data-id=\"08161e1\" data-element_type=\"widget\" data-e-type=\"widget\" data-widget_type=\"heading.default\">\n\t\t\t\t\t<h2 class=\"elementor-heading-title elementor-size-default\">ESTUDIS DE VIABILITAT I COBERTURA <\/h2>\t\t\t\t<\/div>\n\t\t\t\t<div class=\"elementor-element elementor-element-a6fc294 elementor-widget elementor-widget-text-editor\" data-id=\"a6fc294\" data-element_type=\"widget\" data-e-type=\"widget\" data-widget_type=\"text-editor.default\">\n\t\t\t\t\t\t\t\t\t<p>Realitzem estudis de radiodifusi\u00f3 i de cobertura per assegurar la viabilitat t\u00e8cnica dels projectes.<\/p>\t\t\t\t\t\t\t\t<\/div>\n\t\t\t\t<\/div>\n\t\t<div class=\"elementor-element elementor-element-f221eb2 e-con-full e-flex e-con e-child\" data-id=\"f221eb2\" data-element_type=\"container\" data-e-type=\"container\" data-settings=\"{&quot;background_background&quot;:&quot;classic&quot;}\">\n\t\t\t\t<div class=\"elementor-element elementor-element-96302dd elementor-widget elementor-widget-spacer\" data-id=\"96302dd\" data-element_type=\"widget\" data-e-type=\"widget\" data-widget_type=\"spacer.default\">\n\t\t\t\t\t\t\t<div class=\"elementor-spacer\">\n\t\t\t<div class=\"elementor-spacer-inner\"><\/div>\n\t\t<\/div>\n\t\t\t\t\t\t<\/div>\n\t\t\t\t<\/div>\n\t\t\t\t<\/div>\n\t\t<div class=\"elementor-element elementor-element-a8199b0 e-con-full e-flex e-con e-child\" data-id=\"a8199b0\" data-element_type=\"container\" data-e-type=\"container\" data-settings=\"{&quot;background_background&quot;:&quot;classic&quot;}\">\n\t\t<div class=\"elementor-element elementor-element-aa30c7a e-con-full e-flex e-con e-child\" data-id=\"aa30c7a\" data-element_type=\"container\" data-e-type=\"container\" data-settings=\"{&quot;background_background&quot;:&quot;classic&quot;}\">\n\t\t\t\t<div class=\"elementor-element elementor-element-3d74487 elementor-widget elementor-widget-spacer\" data-id=\"3d74487\" data-element_type=\"widget\" data-e-type=\"widget\" data-widget_type=\"spacer.default\">\n\t\t\t\t\t\t\t<div class=\"elementor-spacer\">\n\t\t\t<div class=\"elementor-spacer-inner\"><\/div>\n\t\t<\/div>\n\t\t\t\t\t\t<\/div>\n\t\t\t\t<\/div>\n\t\t<div class=\"elementor-element elementor-element-424fffa e-con-full e-flex e-con e-child\" data-id=\"424fffa\" data-element_type=\"container\" data-e-type=\"container\">\n\t\t\t\t<div class=\"elementor-element elementor-element-026c5ed elementor-widget elementor-widget-heading\" data-id=\"026c5ed\" data-element_type=\"widget\" data-e-type=\"widget\" data-widget_type=\"heading.default\">\n\t\t\t\t\t<p class=\"elementor-heading-title elementor-size-default\">04.<\/p>\t\t\t\t<\/div>\n\t\t\t\t<div class=\"elementor-element elementor-element-9730fb0 elementor-widget elementor-widget-heading\" data-id=\"9730fb0\" data-element_type=\"widget\" data-e-type=\"widget\" data-widget_type=\"heading.default\">\n\t\t\t\t\t<h2 class=\"elementor-heading-title elementor-size-default\">LEGALITZACIONS I LLIC\u00c8NCIES\n\n<\/h2>\t\t\t\t<\/div>\n\t\t\t\t<div class=\"elementor-element elementor-element-e85c64f elementor-widget elementor-widget-text-editor\" data-id=\"e85c64f\" data-element_type=\"widget\" data-e-type=\"widget\" data-widget_type=\"text-editor.default\">\n\t\t\t\t\t\t\t\t\t<p>Gestionem tota la documentaci\u00f3 necess\u00e0ria per obtenir llic\u00e8ncies d\u2019obres i legalitzar les instal\u00b7lacions, assegurant que compleixin la normativa vigent.<\/p>\t\t\t\t\t\t\t\t<\/div>\n\t\t\t\t<\/div>\n\t\t\t\t<\/div>\n\t\t\t\t<\/div>\n\t\t<div class=\"elementor-element elementor-element-dcbe2fb e-con-full e-flex e-con e-parent\" data-id=\"dcbe2fb\" data-element_type=\"container\" data-e-type=\"container\">\n\t\t<div class=\"elementor-element elementor-element-a475948 e-con-full e-flex e-con e-child\" data-id=\"a475948\" data-element_type=\"container\" data-e-type=\"container\" data-settings=\"{&quot;background_background&quot;:&quot;classic&quot;}\">\n\t\t<div class=\"elementor-element elementor-element-8292cbf e-con-full e-flex e-con e-child\" data-id=\"8292cbf\" data-element_type=\"container\" data-e-type=\"container\">\n\t\t\t\t<div class=\"elementor-element elementor-element-e82f6f9 elementor-widget elementor-widget-heading\" data-id=\"e82f6f9\" data-element_type=\"widget\" data-e-type=\"widget\" data-widget_type=\"heading.default\">\n\t\t\t\t\t<h2 class=\"elementor-heading-title elementor-size-default\">Descarrega el nostre dossier informatiu per con\u00e8ixer amb detall els nostres serveis.  <\/h2>\t\t\t\t<\/div>\n\t\t\t\t<div class=\"elementor-element elementor-element-37f350b elementor-widget elementor-widget-text-editor\" data-id=\"37f350b\" data-element_type=\"widget\" data-e-type=\"widget\" data-widget_type=\"text-editor.default\">\n\t\t\t\t\t\t\t\t\t<p>Informa\u2019t i descobreix tot el que et podem oferir!<\/p>\t\t\t\t\t\t\t\t<\/div>\n\t\t\t\t<\/div>\n\t\t\t\t<div class=\"elementor-element elementor-element-2c8ae9e elementor-widget elementor-widget-button\" data-id=\"2c8ae9e\" data-element_type=\"widget\" data-e-type=\"widget\" data-widget_type=\"button.default\">\n\t\t\t\t\t\t\t\t\t\t<a class=\"elementor-button elementor-button-link elementor-size-sm\" href=\"\/wp-content\/uploads\/2026\/03\/01-Dossier_EINESA_Cable.pdf\" target=\"_blank\">\n\t\t\t\t\t\t<span class=\"elementor-button-content-wrapper\">\n\t\t\t\t\t\t\t\t\t<span class=\"elementor-button-text\">Descarregar<\/span>\n\t\t\t\t\t<\/span>\n\t\t\t\t\t<\/a>\n\t\t\t\t\t\t\t\t<\/div>\n\t\t\t\t<\/div>\n\t\t\t\t<\/div>\n\t\t\t\t<\/div>","protected":false},"excerpt":{"rendered":"<p>Nuestra capacidad t\u00e9cnica nos permite abordar proyectos de telecomunicaciones de forma integral 01. PROYECTOS DE FIBRA \u00d3PTICA (FTTH y BACKHAUL) Somos especialistas en el asesoramiento, dise\u00f1o e implementaci\u00f3n de redes de fibra \u00f3ptica, habiendo realizado extensos despliegues para clientes tanto p\u00fablicos como privados. Proyectos llaves en mano de despliegue FTTH e interconexiones BACKHAUL. 02. PROYECTOS [&hellip;]<\/p>\n","protected":false},"author":2,"featured_media":0,"parent":0,"menu_order":0,"comment_status":"closed","ping_status":"closed","template":"elementor_header_footer","meta":{"footnotes":""},"class_list":["post-492","page","type-page","status-publish","hentry","entry"],"yoast_head":"<!-- This site is optimized with the Yoast SEO plugin v27.4 - https:\/\/yoast.com\/product\/yoast-seo-wordpress\/ -->\n<title>Servicios Ingenier\u00eda - Einesacable<\/title>\n<meta name=\"robots\" content=\"index, follow, max-snippet:-1, max-image-preview:large, max-video-preview:-1\" \/>\n<link rel=\"canonical\" href=\"https:\/\/einesacable.com\/ca\/servicios-ingenieria\/\" \/>\n<meta property=\"og:locale\" content=\"ca_ES\" \/>\n<meta property=\"og:type\" content=\"article\" \/>\n<meta property=\"og:title\" content=\"Servicios Ingenier\u00eda - Einesacable\" \/>\n<meta property=\"og:description\" content=\"Nuestra capacidad t\u00e9cnica nos permite abordar proyectos de telecomunicaciones de forma integral 01. PROYECTOS DE FIBRA \u00d3PTICA (FTTH y BACKHAUL) Somos especialistas en el asesoramiento, dise\u00f1o e implementaci\u00f3n de redes de fibra \u00f3ptica, habiendo realizado extensos despliegues para clientes tanto p\u00fablicos como privados. Proyectos llaves en mano de despliegue FTTH e interconexiones BACKHAUL. 02. PROYECTOS [&hellip;]\" \/>\n<meta property=\"og:url\" content=\"https:\/\/einesacable.com\/ca\/servicios-ingenieria\/\" \/>\n<meta property=\"og:site_name\" content=\"Einesacable\" \/>\n<meta property=\"article:modified_time\" content=\"2026-04-13T12:39:45+00:00\" \/>\n<meta name=\"twitter:card\" content=\"summary_large_image\" \/>\n<meta name=\"twitter:label1\" content=\"Temps estimat de lectura\" \/>\n\t<meta name=\"twitter:data1\" content=\"1 minut\" \/>\n<script type=\"application\/ld+json\" class=\"yoast-schema-graph\">{\"@context\":\"https:\\\/\\\/schema.org\",\"@graph\":[{\"@type\":\"WebPage\",\"@id\":\"https:\\\/\\\/einesacable.com\\\/servicios-ingenieria\\\/\",\"url\":\"https:\\\/\\\/einesacable.com\\\/servicios-ingenieria\\\/\",\"name\":\"Servicios Ingenier\u00eda - Einesacable\",\"isPartOf\":{\"@id\":\"https:\\\/\\\/einesacable.com\\\/#website\"},\"datePublished\":\"2025-12-12T02:35:27+00:00\",\"dateModified\":\"2026-04-13T12:39:45+00:00\",\"breadcrumb\":{\"@id\":\"https:\\\/\\\/einesacable.com\\\/servicios-ingenieria\\\/#breadcrumb\"},\"inLanguage\":\"ca\",\"potentialAction\":[{\"@type\":\"ReadAction\",\"target\":[\"https:\\\/\\\/einesacable.com\\\/servicios-ingenieria\\\/\"]}]},{\"@type\":\"BreadcrumbList\",\"@id\":\"https:\\\/\\\/einesacable.com\\\/servicios-ingenieria\\\/#breadcrumb\",\"itemListElement\":[{\"@type\":\"ListItem\",\"position\":1,\"name\":\"Portada\",\"item\":\"https:\\\/\\\/einesacable.com\\\/\"},{\"@type\":\"ListItem\",\"position\":2,\"name\":\"Servicios Ingenier\u00eda\"}]},{\"@type\":\"WebSite\",\"@id\":\"https:\\\/\\\/einesacable.com\\\/#website\",\"url\":\"https:\\\/\\\/einesacable.com\\\/\",\"name\":\"Einesacable\",\"description\":\"Einesacable\",\"publisher\":{\"@id\":\"https:\\\/\\\/einesacable.com\\\/#organization\"},\"potentialAction\":[{\"@type\":\"SearchAction\",\"target\":{\"@type\":\"EntryPoint\",\"urlTemplate\":\"https:\\\/\\\/einesacable.com\\\/?s={search_term_string}\"},\"query-input\":{\"@type\":\"PropertyValueSpecification\",\"valueRequired\":true,\"valueName\":\"search_term_string\"}}],\"inLanguage\":\"ca\"},{\"@type\":\"Organization\",\"@id\":\"https:\\\/\\\/einesacable.com\\\/#organization\",\"name\":\"Einesacable\",\"url\":\"https:\\\/\\\/einesacable.com\\\/\",\"logo\":{\"@type\":\"ImageObject\",\"inLanguage\":\"ca\",\"@id\":\"https:\\\/\\\/einesacable.com\\\/#\\\/schema\\\/logo\\\/image\\\/\",\"url\":\"https:\\\/\\\/einesacable.com\\\/wp-content\\\/uploads\\\/2025\\\/12\\\/logotip.webp\",\"contentUrl\":\"https:\\\/\\\/einesacable.com\\\/wp-content\\\/uploads\\\/2025\\\/12\\\/logotip.webp\",\"width\":209,\"height\":49,\"caption\":\"Einesacable\"},\"image\":{\"@id\":\"https:\\\/\\\/einesacable.com\\\/#\\\/schema\\\/logo\\\/image\\\/\"}}]}<\/script>\n<!-- \/ Yoast SEO plugin. -->","yoast_head_json":{"title":"Servicios Ingenier\u00eda - Einesacable","robots":{"index":"index","follow":"follow","max-snippet":"max-snippet:-1","max-image-preview":"max-image-preview:large","max-video-preview":"max-video-preview:-1"},"canonical":"https:\/\/einesacable.com\/ca\/servicios-ingenieria\/","og_locale":"ca_ES","og_type":"article","og_title":"Servicios Ingenier\u00eda - Einesacable","og_description":"Nuestra capacidad t\u00e9cnica nos permite abordar proyectos de telecomunicaciones de forma integral 01. PROYECTOS DE FIBRA \u00d3PTICA (FTTH y BACKHAUL) Somos especialistas en el asesoramiento, dise\u00f1o e implementaci\u00f3n de redes de fibra \u00f3ptica, habiendo realizado extensos despliegues para clientes tanto p\u00fablicos como privados. Proyectos llaves en mano de despliegue FTTH e interconexiones BACKHAUL. 02. PROYECTOS [&hellip;]","og_url":"https:\/\/einesacable.com\/ca\/servicios-ingenieria\/","og_site_name":"Einesacable","article_modified_time":"2026-04-13T12:39:45+00:00","twitter_card":"summary_large_image","twitter_misc":{"Temps estimat de lectura":"1 minut"},"schema":{"@context":"https:\/\/schema.org","@graph":[{"@type":"WebPage","@id":"https:\/\/einesacable.com\/servicios-ingenieria\/","url":"https:\/\/einesacable.com\/servicios-ingenieria\/","name":"Servicios Ingenier\u00eda - Einesacable","isPartOf":{"@id":"https:\/\/einesacable.com\/#website"},"datePublished":"2025-12-12T02:35:27+00:00","dateModified":"2026-04-13T12:39:45+00:00","breadcrumb":{"@id":"https:\/\/einesacable.com\/servicios-ingenieria\/#breadcrumb"},"inLanguage":"ca","potentialAction":[{"@type":"ReadAction","target":["https:\/\/einesacable.com\/servicios-ingenieria\/"]}]},{"@type":"BreadcrumbList","@id":"https:\/\/einesacable.com\/servicios-ingenieria\/#breadcrumb","itemListElement":[{"@type":"ListItem","position":1,"name":"Portada","item":"https:\/\/einesacable.com\/"},{"@type":"ListItem","position":2,"name":"Servicios Ingenier\u00eda"}]},{"@type":"WebSite","@id":"https:\/\/einesacable.com\/#website","url":"https:\/\/einesacable.com\/","name":"Einesacable","description":"Einesacable","publisher":{"@id":"https:\/\/einesacable.com\/#organization"},"potentialAction":[{"@type":"SearchAction","target":{"@type":"EntryPoint","urlTemplate":"https:\/\/einesacable.com\/?s={search_term_string}"},"query-input":{"@type":"PropertyValueSpecification","valueRequired":true,"valueName":"search_term_string"}}],"inLanguage":"ca"},{"@type":"Organization","@id":"https:\/\/einesacable.com\/#organization","name":"Einesacable","url":"https:\/\/einesacable.com\/","logo":{"@type":"ImageObject","inLanguage":"ca","@id":"https:\/\/einesacable.com\/#\/schema\/logo\/image\/","url":"https:\/\/einesacable.com\/wp-content\/uploads\/2025\/12\/logotip.webp","contentUrl":"https:\/\/einesacable.com\/wp-content\/uploads\/2025\/12\/logotip.webp","width":209,"height":49,"caption":"Einesacable"},"image":{"@id":"https:\/\/einesacable.com\/#\/schema\/logo\/image\/"}}]}},"_links":{"self":[{"href":"https:\/\/einesacable.com\/ca\/wp-json\/wp\/v2\/pages\/492","targetHints":{"allow":["GET"]}}],"collection":[{"href":"https:\/\/einesacable.com\/ca\/wp-json\/wp\/v2\/pages"}],"about":[{"href":"https:\/\/einesacable.com\/ca\/wp-json\/wp\/v2\/types\/page"}],"author":[{"embeddable":true,"href":"https:\/\/einesacable.com\/ca\/wp-json\/wp\/v2\/users\/2"}],"replies":[{"embeddable":true,"href":"https:\/\/einesacable.com\/ca\/wp-json\/wp\/v2\/comments?post=492"}],"version-history":[{"count":112,"href":"https:\/\/einesacable.com\/ca\/wp-json\/wp\/v2\/pages\/492\/revisions"}],"predecessor-version":[{"id":2467,"href":"https:\/\/einesacable.com\/ca\/wp-json\/wp\/v2\/pages\/492\/revisions\/2467"}],"wp:attachment":[{"href":"https:\/\/einesacable.com\/ca\/wp-json\/wp\/v2\/media?parent=492"}],"curies":[{"name":"wp","href":"https:\/\/api.w.org\/{rel}","templated":true}]}}