{"id":835,"date":"2025-12-15T21:23:39","date_gmt":"2025-12-15T20:23:39","guid":{"rendered":"https:\/\/einesacable.com\/?page_id=835"},"modified":"2026-03-18T18:52:58","modified_gmt":"2026-03-18T17:52:58","slug":"politicas-de-privacidad","status":"publish","type":"page","link":"https:\/\/einesacable.com\/ca\/politicas-de-privacidad\/","title":{"rendered":"Pol\u00edtica de privacitat i av\u00eds legal"},"content":{"rendered":"<p><strong>I. POL\u00cdTICA DE PRIVACIDAD<\/strong><br>En cumplimiento del REGLAMENTO (UE) 2016\/679 DEL PARLAMENTO EUROPEO Y DEL CONSEJO de 27 de Abril de 2016, relativo a la protecci\u00f3n de las personas f\u00edsicas en lo que respecta al tratamiento de datos personales y a la libre circulaci\u00f3n de estos datos, y de la Ley Org\u00e1nica 3\/2018, de 5 de diciembre, de Protecci\u00f3n de Datos Personales y garant\u00eda de los derechos digitales, se le informa que los datos personales proporcionados por usted a trav\u00e9s del sitio web www.einesa.com (en adelante el sitio web), ser\u00e1n tratados en los siguientes t\u00e9rminos:<br><br><strong>Responsable del tratamiento<\/strong><\/p>\n\n\n\n<p>Los datos personales recabados a trav\u00e9s de este sitio web ser\u00e1n tratados por EINESA CABLE, S.L., con domicilio para el ejercicio de derechos en CL. H. PARC, POL. IND. CAM\u00cd DELS FRARES, 11 NAU 7 &#8211; 25190 LLEIDA (Lleida). E-mail: legal@grupoeacom.com.<\/p>\n\n\n\n<p><br><strong>Finalidades del tratamiento<\/strong><\/p>\n\n\n\n<ul class=\"wp-block-list\">\n<li>Informarle acerca de nuestros productos y servicios, cuando as\u00ed lo solicite a trav\u00e9s de los formularios del sitio web o por correo electr\u00f3nico.<\/li>\n\n\n\n<li>Dar contestaci\u00f3n y gestionar sus consultas, comentarios y sugerencias, en su caso.<\/li>\n\n\n\n<li>Gestionar su participaci\u00f3n en presentes y futuros procesos de selecci\u00f3n, cuando nos haga llegar sus datos (incluido su curr\u00edculo) con dicha finalidad.<\/li>\n\n\n\n<li>Con la finalidad de obtener informaci\u00f3n del uso del sitio web, se analizan el n\u00famero de p\u00e1ginas visitadas, el n\u00famero de visitas, as\u00ed como la actividad de los visitantes y su frecuencia de utilizaci\u00f3n. A estos efectos, el RESPONSABLE utiliza informaci\u00f3n estad\u00edstica elaborada por el Proveedor de Servicios de Internet que no permite identificar al interesado en ning\u00fan momento.<\/li>\n<\/ul>\n\n\n\n<p><br><strong>Legitimaci\u00f3n<\/strong><\/p>\n\n\n\n<p>Consentimiento. Los datos personales obtenidos a trav\u00e9s de los formularios del sitio web ser\u00e1n tratados \u00fanicamente en base al consentimiento otorgado por el interesado, a trav\u00e9s de la aceptaci\u00f3n de la casilla dispuesta para tal fin. Este consentimiento puede ser retirado en cualquier momento.<br><br>Inter\u00e9s leg\u00edtimo del responsable. La informaci\u00f3n estad\u00edstica obtenida del sitio web ser\u00e1 tratada en base al inter\u00e9s leg\u00edtimo del responsable. Esta informaci\u00f3n no permite identificar al usuario.<\/p>\n\n\n\n<p><strong>Destinatarios<\/strong><\/p>\n\n\n\n<p>Los datos personales obtenidos a trav\u00e9s del sitio web no ser\u00e1n comunicados a terceros, salvo obligaci\u00f3n legal.<\/p>\n\n\n\n<p><br><br><strong>Conservaci\u00f3n<\/strong><\/p>\n\n\n\n<p>Los datos personales facilitados por el usuario para recibir comunicaciones comerciales, ser\u00e1n conservados mientras el interesado no solicite su supresi\u00f3n o retire su consentimiento.<br><br>Cuando el usuario env\u00ede sus datos personales para participar en procesos de selecci\u00f3n del RESPONSABLE, los datos ser\u00e1n tratados para participar en presentes procesos de selecci\u00f3n, y si no fuera seleccionado, se conservar\u00e1n sus datos personales durante un periodo de dos a\u00f1os con el fin de poder contar con su participaci\u00f3n en futuros procesos.<br><br>Cuando el usuario env\u00ede sus datos para contactar con el RESPONSABLE, realizar consultas o sugerencias, los datos se conservar\u00e1n mientras sea necesario para tal fin y puedan derivarse responsabilidades del tratamiento.<br>Datos de tr\u00e1fico, estad\u00edsticos y visitas web: los datos ser\u00e1n conservados durante el plazo de tres a\u00f1os.<\/p>\n\n\n\n<p><br><strong>Derechos<\/strong><\/p>\n\n\n\n<p>Puede ejercer sus derechos de acceso, rectificaci\u00f3n, supresi\u00f3n y portabilidad de sus datos, de limitaci\u00f3n y oposici\u00f3n a su tratamiento, mediante escrito dirigido a EINESA CABLE, S.L. CL. H. PARC, POL. IND. CAM\u00cd DELS FRARES, 11 NAU 7 &#8211; 25190 LLEIDA (Lleida). E-mail: legal@grupoeacom.com. En caso de disconformidad con el tratamiento, tambi\u00e9n tiene derecho a presentar una reclamaci\u00f3n ante la Agencia Espa\u00f1ola de Protecci\u00f3n de Datos (<a href=\"http:\/\/www.aepd.es\">www.aepd.es<\/a>).<br><br><br><strong>Pol\u00edtica de protecci\u00f3n de menores<\/strong><\/p>\n\n\n\n<p>Quien facilita los datos a trav\u00e9s de los formularios de esta Web y acepta su tratamiento declara formalmente ser mayor de 14 a\u00f1os.<br><br>Queda prohibido el acceso y uso del portal a los menores de 14 a\u00f1os de edad.<br><br>El RESPONSABLE recuerda a las personas mayores de edad que tengan a su cargo menores, que ser\u00e1 de su exclusiva responsabilidad si alg\u00fan menor incorpora sus datos para solicitar alg\u00fan producto.<br><br>Tambi\u00e9n les informa que existen programas inform\u00e1ticos para acotar la navegaci\u00f3n mediante el filtro o bloqueo a determinados contenidos.<\/p>\n\n\n\n<p><br><strong>Tratamiento derivado del uso de las redes sociales<\/strong><\/p>\n\n\n\n<p>Al seguir nuestro perfil en las redes sociales consiente expresamente el tratamiento de sus datos personales conforme a la pol\u00edtica de privacidad de la correspondiente red social. Igualmente, consiente expresamente el acceso del RESPONSABLE al tratamiento de sus datos contenidos en su perfil y que las noticias publicadas sobre cualquier producto del RESPONSABLE aparezcan en su muro. Su petici\u00f3n para conectar, implica necesariamente su consentimiento para los tratamientos se\u00f1alados, siendo esta la base legal del tratamiento. Los datos se conservar\u00e1n mientras el interesado no solicite su oposici\u00f3n o retire su consentimiento, pudiendo retirar este en cualquier momento.<br><br>Los comentarios y contenidos publicados en las redes sociales se convertir\u00e1n en informaci\u00f3n p\u00fablica, por lo que los usuarios deber\u00e1n tener especial cautela cuando decidan compartir su informaci\u00f3n personal. El RESPONSABLE no se hace responsable por la informaci\u00f3n que los usuarios incorporen en la p\u00e1gina. No obstante, las personas cuyos datos personales se encuentren publicados o est\u00e9n incluidos en comentarios, podr\u00e1n solicitar al RESPONSABLE la cancelaci\u00f3n de los mismos.<br><br><br><strong>II. AVISO LEGAL<\/strong><br><strong>Identificaci\u00f3n<\/strong><br>En cumplimiento con el deber de informaci\u00f3n recogido en art\u00edculo 10 de la Ley 34\/2002, de 11 de julio, de Servicios de la Sociedad de la Informaci\u00f3n y del Comercio Electr\u00f3nico, EINESA CABLE, S.L. (EINESA CABLE, S.L.), le informa que los datos aqu\u00ed consignados corresponden a la entidad titular del sitio web www.einesa.com.<br><strong>Denominaci\u00f3n<\/strong>: EINESA CABLE, S.L.<br><strong>Domicilio<\/strong>: C\/ H (POL. IND. CAM\u00cd DELS FRARES) 11 NAU 7, 25190 LLEIDA<br><strong>Tel\u00e8fon<\/strong>: 973280980<br><strong>Correu electr\u00f2nic<\/strong>: legal@grupoeacom.com<br><strong>CIF<\/strong>: B25454489<br><strong>Inscripci\u00f3n registral<\/strong>: Registro Mercantil de Lleida Tomo 641, Folio 28, Secci\u00f3n 8, Hoja L 12077, I\/A 11<br><br><strong>Propiedad intelectual e industrial<\/strong><br>Todos los derechos de Propiedad Industrial e Intelectual de la totalidad de elementos contenidos en este sitio web, incluidas las marcas comerciales, formatos, dise\u00f1os gr\u00e1ficos, textos, im\u00e1genes y documentos, pertenecen a EINESA CABLE, S.L. y se encuentran protegidos por las leyes espa\u00f1olas e internacionales sobre propiedad Intelectual e Industrial. Queda expresamente prohibida la reproducci\u00f3n total o parcial de este sitio Web y de cualquiera de sus contenidos sin el permiso expreso y por escrito de EINESA CABLE, S.L..<br><br>El acceso al sitio web no implica ning\u00fan tipo de renuncia, transmisi\u00f3n, licencia o cesi\u00f3n de dichos derechos por parte de EINESA CABLE, S.L., salvo que se establezca expresamente lo contrario.<br><br><strong>Condiciones de uso<\/strong><br>El acceso a este sitio Web implica la aceptaci\u00f3n de estas condiciones de uso sin reservas que regulan el acceso y la utilizaci\u00f3n del mismo con el fin de poner a disposici\u00f3n de los usuarios informaci\u00f3n sobre nuestros productos.<br><br>Se proh\u00edbe expresamente la utilizaci\u00f3n de los contenidos de este sitio Web para su utilizaci\u00f3n con fines comerciales o para su distribuci\u00f3n, transformaci\u00f3n o comunicaci\u00f3n.<br>EINESA CABLE, S.L., no responder\u00e1 de ninguna consecuencia, da\u00f1o o perjuicio que pudieran derivarse de dicha utilizaci\u00f3n o uso de la informaci\u00f3n.<br><br>Tanto el acceso a esta Web como el uso que pueda hacerse de la informaci\u00f3n contenida en la misma es de la exclusiva responsabilidad de quien lo realiza.<br><br>El usuario se obliga a no utilizar la informaci\u00f3n que se publica en esta Web con fines o efectos il\u00edcitos o lesivos, a no da\u00f1ar o inutilizar la informaci\u00f3n y a no realizar cualquier otra acci\u00f3n que puedan ser contraria al contenido de este Aviso Legal.<br><br>EINESA CABLE, S.L. no puede asegurar la inexistencia de interrupciones o errores en el acceso a este sitio Web, aunque pondr\u00e1 sus mayores esfuerzos para evitarlos.<br><br><strong>Enlaces a otras webs<\/strong><br>Los enlaces (links) que puede encontrar en esta Web son un servicio a los usuarios. Estas p\u00e1ginas no son operadas ni controladas por EINESA CABLE, S.L., por ello, no se hace responsable de los contenidos de esos sitios Web ni est\u00e1n cubiertas por el presente Aviso Legal. Si accede a estas p\u00e1ginas Webs deber\u00e1 tener en cuenta que sus pol\u00edticas de privacidad pueden ser diferentes a la nuestra.<br><br><strong>Legislaci\u00f3n aplicable y competencia jurisdiccional<\/strong><br>El presente Aviso Legal se rige por la normativa espa\u00f1ola vigente que le es de aplicaci\u00f3n.<br><br>Para la resoluci\u00f3n de las controversias que pudieran derivarse como consecuencia de lo dispuesto en las presentes disposiciones y sobre su interpretaci\u00f3n, aplicaci\u00f3n y cumplimiento, las partes se someten al fuero correspondiente al domicilio del usuario.<\/p>\n\n\n\n<p><\/p>","protected":false},"excerpt":{"rendered":"<p>I. POL\u00cdTICA DE PRIVACIDADEn cumplimiento del REGLAMENTO (UE) 2016\/679 DEL PARLAMENTO EUROPEO Y DEL CONSEJO de 27 de Abril de 2016, relativo a la protecci\u00f3n de las personas f\u00edsicas en lo que respecta al tratamiento de datos personales y a la libre circulaci\u00f3n de estos datos, y de la Ley Org\u00e1nica 3\/2018, de 5 de [&hellip;]<\/p>\n","protected":false},"author":2,"featured_media":0,"parent":0,"menu_order":0,"comment_status":"closed","ping_status":"closed","template":"","meta":{"footnotes":""},"class_list":["post-835","page","type-page","status-publish","hentry","entry"],"yoast_head":"<!-- This site is optimized with the Yoast SEO plugin v27.4 - https:\/\/yoast.com\/product\/yoast-seo-wordpress\/ -->\n<title>Pol\u00edtica de privacidad y aviso legal - Einesacable<\/title>\n<meta name=\"robots\" content=\"index, follow, max-snippet:-1, max-image-preview:large, max-video-preview:-1\" \/>\n<link rel=\"canonical\" href=\"https:\/\/einesacable.com\/ca\/politicas-de-privacidad\/\" \/>\n<meta property=\"og:locale\" content=\"ca_ES\" \/>\n<meta property=\"og:type\" content=\"article\" \/>\n<meta property=\"og:title\" content=\"Pol\u00edtica de privacidad y aviso legal - Einesacable\" \/>\n<meta property=\"og:description\" content=\"I. POL\u00cdTICA DE PRIVACIDADEn cumplimiento del REGLAMENTO (UE) 2016\/679 DEL PARLAMENTO EUROPEO Y DEL CONSEJO de 27 de Abril de 2016, relativo a la protecci\u00f3n de las personas f\u00edsicas en lo que respecta al tratamiento de datos personales y a la libre circulaci\u00f3n de estos datos, y de la Ley Org\u00e1nica 3\/2018, de 5 de [&hellip;]\" \/>\n<meta property=\"og:url\" content=\"https:\/\/einesacable.com\/ca\/politicas-de-privacidad\/\" \/>\n<meta property=\"og:site_name\" content=\"Einesacable\" \/>\n<meta property=\"article:modified_time\" content=\"2026-03-18T17:52:58+00:00\" \/>\n<meta name=\"twitter:card\" content=\"summary_large_image\" \/>\n<meta name=\"twitter:label1\" content=\"Temps estimat de lectura\" \/>\n\t<meta name=\"twitter:data1\" content=\"7 minuts\" \/>\n<script type=\"application\/ld+json\" class=\"yoast-schema-graph\">{\"@context\":\"https:\\\/\\\/schema.org\",\"@graph\":[{\"@type\":\"WebPage\",\"@id\":\"https:\\\/\\\/einesacable.com\\\/politicas-de-privacidad\\\/\",\"url\":\"https:\\\/\\\/einesacable.com\\\/politicas-de-privacidad\\\/\",\"name\":\"Pol\u00edtica de privacidad y aviso legal - Einesacable\",\"isPartOf\":{\"@id\":\"https:\\\/\\\/einesacable.com\\\/#website\"},\"datePublished\":\"2025-12-15T20:23:39+00:00\",\"dateModified\":\"2026-03-18T17:52:58+00:00\",\"breadcrumb\":{\"@id\":\"https:\\\/\\\/einesacable.com\\\/politicas-de-privacidad\\\/#breadcrumb\"},\"inLanguage\":\"ca\",\"potentialAction\":[{\"@type\":\"ReadAction\",\"target\":[\"https:\\\/\\\/einesacable.com\\\/politicas-de-privacidad\\\/\"]}]},{\"@type\":\"BreadcrumbList\",\"@id\":\"https:\\\/\\\/einesacable.com\\\/politicas-de-privacidad\\\/#breadcrumb\",\"itemListElement\":[{\"@type\":\"ListItem\",\"position\":1,\"name\":\"Portada\",\"item\":\"https:\\\/\\\/einesacable.com\\\/\"},{\"@type\":\"ListItem\",\"position\":2,\"name\":\"Pol\u00edtica de privacidad y aviso legal\"}]},{\"@type\":\"WebSite\",\"@id\":\"https:\\\/\\\/einesacable.com\\\/#website\",\"url\":\"https:\\\/\\\/einesacable.com\\\/\",\"name\":\"Einesacable\",\"description\":\"Einesacable\",\"publisher\":{\"@id\":\"https:\\\/\\\/einesacable.com\\\/#organization\"},\"potentialAction\":[{\"@type\":\"SearchAction\",\"target\":{\"@type\":\"EntryPoint\",\"urlTemplate\":\"https:\\\/\\\/einesacable.com\\\/?s={search_term_string}\"},\"query-input\":{\"@type\":\"PropertyValueSpecification\",\"valueRequired\":true,\"valueName\":\"search_term_string\"}}],\"inLanguage\":\"ca\"},{\"@type\":\"Organization\",\"@id\":\"https:\\\/\\\/einesacable.com\\\/#organization\",\"name\":\"Einesacable\",\"url\":\"https:\\\/\\\/einesacable.com\\\/\",\"logo\":{\"@type\":\"ImageObject\",\"inLanguage\":\"ca\",\"@id\":\"https:\\\/\\\/einesacable.com\\\/#\\\/schema\\\/logo\\\/image\\\/\",\"url\":\"https:\\\/\\\/einesacable.com\\\/wp-content\\\/uploads\\\/2025\\\/12\\\/logotip.webp\",\"contentUrl\":\"https:\\\/\\\/einesacable.com\\\/wp-content\\\/uploads\\\/2025\\\/12\\\/logotip.webp\",\"width\":209,\"height\":49,\"caption\":\"Einesacable\"},\"image\":{\"@id\":\"https:\\\/\\\/einesacable.com\\\/#\\\/schema\\\/logo\\\/image\\\/\"}}]}<\/script>\n<!-- \/ Yoast SEO plugin. -->","yoast_head_json":{"title":"Pol\u00edtica de privacidad y aviso legal - Einesacable","robots":{"index":"index","follow":"follow","max-snippet":"max-snippet:-1","max-image-preview":"max-image-preview:large","max-video-preview":"max-video-preview:-1"},"canonical":"https:\/\/einesacable.com\/ca\/politicas-de-privacidad\/","og_locale":"ca_ES","og_type":"article","og_title":"Pol\u00edtica de privacidad y aviso legal - Einesacable","og_description":"I. POL\u00cdTICA DE PRIVACIDADEn cumplimiento del REGLAMENTO (UE) 2016\/679 DEL PARLAMENTO EUROPEO Y DEL CONSEJO de 27 de Abril de 2016, relativo a la protecci\u00f3n de las personas f\u00edsicas en lo que respecta al tratamiento de datos personales y a la libre circulaci\u00f3n de estos datos, y de la Ley Org\u00e1nica 3\/2018, de 5 de [&hellip;]","og_url":"https:\/\/einesacable.com\/ca\/politicas-de-privacidad\/","og_site_name":"Einesacable","article_modified_time":"2026-03-18T17:52:58+00:00","twitter_card":"summary_large_image","twitter_misc":{"Temps estimat de lectura":"7 minuts"},"schema":{"@context":"https:\/\/schema.org","@graph":[{"@type":"WebPage","@id":"https:\/\/einesacable.com\/politicas-de-privacidad\/","url":"https:\/\/einesacable.com\/politicas-de-privacidad\/","name":"Pol\u00edtica de privacidad y aviso legal - Einesacable","isPartOf":{"@id":"https:\/\/einesacable.com\/#website"},"datePublished":"2025-12-15T20:23:39+00:00","dateModified":"2026-03-18T17:52:58+00:00","breadcrumb":{"@id":"https:\/\/einesacable.com\/politicas-de-privacidad\/#breadcrumb"},"inLanguage":"ca","potentialAction":[{"@type":"ReadAction","target":["https:\/\/einesacable.com\/politicas-de-privacidad\/"]}]},{"@type":"BreadcrumbList","@id":"https:\/\/einesacable.com\/politicas-de-privacidad\/#breadcrumb","itemListElement":[{"@type":"ListItem","position":1,"name":"Portada","item":"https:\/\/einesacable.com\/"},{"@type":"ListItem","position":2,"name":"Pol\u00edtica de privacidad y aviso legal"}]},{"@type":"WebSite","@id":"https:\/\/einesacable.com\/#website","url":"https:\/\/einesacable.com\/","name":"Einesacable","description":"Einesacable","publisher":{"@id":"https:\/\/einesacable.com\/#organization"},"potentialAction":[{"@type":"SearchAction","target":{"@type":"EntryPoint","urlTemplate":"https:\/\/einesacable.com\/?s={search_term_string}"},"query-input":{"@type":"PropertyValueSpecification","valueRequired":true,"valueName":"search_term_string"}}],"inLanguage":"ca"},{"@type":"Organization","@id":"https:\/\/einesacable.com\/#organization","name":"Einesacable","url":"https:\/\/einesacable.com\/","logo":{"@type":"ImageObject","inLanguage":"ca","@id":"https:\/\/einesacable.com\/#\/schema\/logo\/image\/","url":"https:\/\/einesacable.com\/wp-content\/uploads\/2025\/12\/logotip.webp","contentUrl":"https:\/\/einesacable.com\/wp-content\/uploads\/2025\/12\/logotip.webp","width":209,"height":49,"caption":"Einesacable"},"image":{"@id":"https:\/\/einesacable.com\/#\/schema\/logo\/image\/"}}]}},"_links":{"self":[{"href":"https:\/\/einesacable.com\/ca\/wp-json\/wp\/v2\/pages\/835","targetHints":{"allow":["GET"]}}],"collection":[{"href":"https:\/\/einesacable.com\/ca\/wp-json\/wp\/v2\/pages"}],"about":[{"href":"https:\/\/einesacable.com\/ca\/wp-json\/wp\/v2\/types\/page"}],"author":[{"embeddable":true,"href":"https:\/\/einesacable.com\/ca\/wp-json\/wp\/v2\/users\/2"}],"replies":[{"embeddable":true,"href":"https:\/\/einesacable.com\/ca\/wp-json\/wp\/v2\/comments?post=835"}],"version-history":[{"count":3,"href":"https:\/\/einesacable.com\/ca\/wp-json\/wp\/v2\/pages\/835\/revisions"}],"predecessor-version":[{"id":2319,"href":"https:\/\/einesacable.com\/ca\/wp-json\/wp\/v2\/pages\/835\/revisions\/2319"}],"wp:attachment":[{"href":"https:\/\/einesacable.com\/ca\/wp-json\/wp\/v2\/media?parent=835"}],"curies":[{"name":"wp","href":"https:\/\/api.w.org\/{rel}","templated":true}]}}